{"id":28975,"date":"2024-09-10T10:52:11","date_gmt":"2024-09-10T08:52:11","guid":{"rendered":"https:\/\/bad-vibes.ch\/bad-vibes\/"},"modified":"2024-10-16T18:04:44","modified_gmt":"2024-10-16T16:04:44","slug":"bad-vibes","status":"publish","type":"page","link":"https:\/\/bad-vibes.ch\/de\/","title":{"rendered":"Bad Vibes"},"content":{"rendered":"<div class=\"concept\">\n    <div class=\"container py-5\">\n        <div class=\"row mx-0 py-5\">\n            <div class=\"col-12 col-lg-6 pb-3\">\n                <h2>kontext<\/h2>\n            <\/div>\n            <div class=\"col-12 col-lg-6 pb-3\">\n                <p>Um die Bekanntheit der Vaudoise-Gruppe zu steigern, haben wir ein innovatives, unterhaltsames, allgemeinverst\u00e4ndliches und mit Slapstick-Humor versehenes Kommunikationskonzept als Webserie lanciert:  \u00abBad Vibes\u00bb. Die Webserie \u2013 ein Novum bei der Vaudoise \u2013 wird ab dem 30. September auf Instagram und TikTok zu sehen sein. Ziel: unter 30-J\u00e4hrige mit Versicherungen vertraut machen und sie f\u00fcr Versicherungsthemen im Alltag sensibilisieren.<\/p>\n            <\/div>\t\t\t\t  \n        <\/div>\n    <\/div>\n<\/div>\n\n<div class=\"container-fluid video p-0\">\n\t<iframe loading=\"lazy\" width=\"100%\" height=\"100%\" src=\"https:\/\/www.youtube.com\/embed\/v9Oe4mYDmCg?modestbranding=1&#038;autohide=1&#038;showinfo=0&#038;rel=0\"><\/iframe>\n<\/div>\n\n<div class=\"text\">\n    <div class=\"container py-5\">\n        <div class=\"row mx-0 py-5\">\n            <div class=\"col-12 col-xl-7 order-2\">\n                <p class=\"p1\">Mit Bad Vibes nehmen Sie am WG-Geschehen im Wohnzimmer von drei Mitbewohnerinnen und Mitbewohnern teil, deren gemeinsamer Alltag direkt oder indirekt mit Versicherungsthemen zu tun hat. Ob Sie sich die Version aus der Romandie oder der Deutschschweiz ansehen \u2013 bestimmt erkennen Sie sich bei einigen Situationen wieder. Die Webserie kommt unterhaltsam und humorvoll daher, ist an das Format der sozialen Netzwerke angepasst und soll Zuschauerinnen und Zuschauern zeigen, dass wir sie verstehen. Daf\u00fcr steht auch der Name \u00abBad Vibes\u00bb: Was mit Versicherung zu tun hat, wird oft als langweilig oder gar negativ wahrgenommen. Gerade im Schadenfall sind die \u00abbad Vibes\u00bb oft nicht weit.<\/p>\n<p class=\"p1\">Mit zwei verschiedenen Versionen \u2013 einer auf Franz\u00f6sisch und einer auf Schweizerdeutsch, in je 20 Folgen \u2013 passt sich die Webserie den kulturellen Besonderheiten unseres Zielpublikums auf beiden Seiten des R\u00f6stigrabens an. Jeden Montag erscheint eine neue Folge auf Franz\u00f6sisch, jeden Mittwoch um 18 Uhr eine Folge auf Deutsch.<\/p>\n            <\/div>\n            <div class=\"col-12 col-xl-4 offset-xl-1 pb-3 order-1 order-xl-2\">\n                <h2>konzept<\/h2>\n            <\/div>\n        <\/div>\n    <\/div>\n<\/div>\n\n<div class=\"container-fluid video p-0\">\n\t<iframe loading=\"lazy\" width=\"100%\" height=\"100%\" src=\"https:\/\/www.youtube.com\/embed\/PB4kkDpGiUQ?modestbranding=1&#038;autohide=1&#038;showinfo=0&#038;rel=0\"><\/iframe>\n<\/div>\n\n    <div class=\"caracters\">\n        <div class=\"container py-5\">\n            <div class=\"row mx-0 pt-5\">\n                <h2 class=\"col-12 text-end\">Die Charaktere<\/h2>\n            <\/div>\n            <div class=\"row mx-0 py-5 justify-content-center\">\n                                <div class=\"col-12 col-sm-10 col-lg-4 p-lg-2 py-3 card-hover\">\n                    <div class=\"card-person\">\n                        <div class=\"front d-flex flex-column justify-content-end p-4\" style=\"background-image: url('https:\/\/bad-vibes.ch\/wp-content\/uploads\/2024\/09\/20240912__BadVibes_PersoDE-scaled-aspect-ratio-3-5-2-scaled.jpg');\">\n                            <h3>Laura<\/h3>\n                            <p>Sira Topi\u0107<\/p>\n                        <\/div>\n                        <div class=\"back p-4\">\n                            <p class=\"card-title mb-2 p-2\"><span dir=\"ltr\" role=\"presentation\">Die berufst\u00e4tige Realistin<\/span><\/p>\n<p class=\"card-text p-2\">Sie hat einen ersten festen Job bei einer Luxusmarke, Mode ist ihre Leidenschaft. Sie ist die erwachsenste der drei.<\/p>\n                        <\/div>\n                    <\/div>\n                <\/div>\n                                <div class=\"col-12 col-sm-10 col-lg-4 p-lg-2 py-3 card-hover\">\n                    <div class=\"card-person\">\n                        <div class=\"front d-flex flex-column justify-content-end p-4\" style=\"background-image: url('https:\/\/bad-vibes.ch\/wp-content\/uploads\/2024\/09\/20240912__BadVibes_PersoDE-2-scaled-aspect-ratio-3-5-2-scaled.jpg');\">\n                            <h3>Meli<\/h3>\n                            <p>Amanda Verandi<\/p>\n                        <\/div>\n                        <div class=\"back p-4\">\n                            <p class=\"card-title mb-2 p-2\"><span dir=\"ltr\" role=\"presentation\">Der ehrliche Geizhals<\/span><\/p>\n<p class=\"card-text p-2\">Die Architekturstudentin ist oft beim Lernen anzutreffen. Die WG ist f\u00fcr sie nur ein Zwischenstopp (sie hat gr\u00f6ssere Pl\u00e4ne). Sie ist zwar etwas knausrig, was in der WG aber als Charakterzug so akzeptiert wird.<\/p>\n                        <\/div>\n                    <\/div>\n                <\/div>\n                                <div class=\"col-12 col-sm-10 col-lg-4 p-lg-2 py-3 card-hover\">\n                    <div class=\"card-person\">\n                        <div class=\"front d-flex flex-column justify-content-end p-4\" style=\"background-image: url('https:\/\/bad-vibes.ch\/wp-content\/uploads\/2024\/09\/20240912__BadVibes_PersoDE-3-scaled-aspect-ratio-3-5-2-scaled.jpg');\">\n                            <h3>Sebi<\/h3>\n                            <p>Sandro Howald<\/p>\n                        <\/div>\n                        <div class=\"back p-4\">\n                            <p class=\"card-title mb-2 p-2\"><span dir=\"ltr\" role=\"presentation\">Sorglos und albern<\/span><\/p>\n<p class=\"card-text p-2\">Sebi scheint seinen Alltag ohne feste Verpflichtungen zu leben. Er ist das verpeilte Element der WG mit seinen verr\u00fcckten Ideen oder wenn er Situationen oder die allgemeine Funktionsweise von Dingen falsch versteht.<\/p>\n                        <\/div>\n                    <\/div>\n                <\/div>\n                                <div class=\"col-12 col-sm-10 col-lg-4 p-lg-2 py-3 card-hover\">\n                    <div class=\"card-person\">\n                        <div class=\"front d-flex flex-column justify-content-end p-4\" style=\"background-image: url('https:\/\/bad-vibes.ch\/wp-content\/uploads\/2024\/09\/20240912__BadVibes_PersoFR-scaled-aspect-ratio-3-5-2-scaled.jpg');\">\n                            <h3>Jo<\/h3>\n                            <p>Julien Doquin de Saint Preux<\/p>\n                        <\/div>\n                        <div class=\"back p-4\">\n                            <p class=\"card-title mb-2 p-2\"><span dir=\"ltr\" role=\"presentation\">Sorglos und albern<\/span><\/p>\n<p class=\"card-text p-2\">Jo scheint seinen Alltag ohne feste Verpflichtungen zu leben. Er ist das verpeilte Element der WG mit seinen verr\u00fcckten Ideen oder wenn er Situationen falsch versteht.<\/p>\n                        <\/div>\n                    <\/div>\n                <\/div>\n                                <div class=\"col-12 col-sm-10 col-lg-4 p-lg-2 py-3 card-hover\">\n                    <div class=\"card-person\">\n                        <div class=\"front d-flex flex-column justify-content-end p-4\" style=\"background-image: url('https:\/\/bad-vibes.ch\/wp-content\/uploads\/2024\/09\/20240912__BadVibes_PersoFR-2-scaled-aspect-ratio-3-5-2.jpg');\">\n                            <h3>St\u00e9ph<\/h3>\n                            <p>Donatienne Amann<\/p>\n                        <\/div>\n                        <div class=\"back p-4\">\n                            <p class=\"card-title mb-2 p-2\"><span dir=\"ltr\" role=\"presentation\">Die berufst\u00e4tige Realistin<\/span><\/p>\n<p class=\"card-text p-2\">Sie hat einen festen Job und ist vielleicht die erwachsenste der drei. Sie ist zwar ernst und fleissig, hat aber eine lustige Seite, die sie mit ihren Mitbewohnern verbindet.<\/p>\n                        <\/div>\n                    <\/div>\n                <\/div>\n                                <div class=\"col-12 col-sm-10 col-lg-4 p-lg-2 py-3 card-hover\">\n                    <div class=\"card-person\">\n                        <div class=\"front d-flex flex-column justify-content-end p-4\" style=\"background-image: url('https:\/\/bad-vibes.ch\/wp-content\/uploads\/2024\/09\/20240912__BadVibes_PersoFR-3-scaled-aspect-ratio-3-5-2-scaled.jpg');\">\n                            <h3>Clara<\/h3>\n                            <p>Marion Agoston<\/p>\n                        <\/div>\n                        <div class=\"back p-4\">\n                            <p class=\"card-title mb-2 p-2\"><span dir=\"ltr\" role=\"presentation\">Der ehrliche Geizhals<\/span><\/p>\n<p class=\"card-text p-2\">Die Studentin sieht die WG eher als \u00dcbergangsl\u00f6sung. Sie ist zwar ein wenig knausrig unterwegs, was man ihr aber verzeiht.<\/p>\n                        <\/div>\n                    <\/div>\n                <\/div>\n                            <\/div>\n        <\/div>              \n    <\/div>\n\n\n    <div class=\"episodes\">\n        <div class=\"container py-3\">\n            <div class=\"row mx-0 py-5\">\n                <h2 class=\"col-12\">Die Folgen<\/h2>\n            <\/div>\n            <div class=\"row mx-0 py-3 justify-content-center\">\n                                    <div class=\"col-10 col-lg-4 py-3 py-lg-0 px-2\">\n                        <a href=\"https:\/\/www.instagram.com\/p\/DAoK89iMijd\/\" target=\"_blank\">\n                            <svg class=\"playIcon\" width=\"99\" height=\"120\" viewBox=\"0 0 99 120\" fill=\"none\" xmlns=\"http:\/\/www.w3.org\/2000\/svg\">\n                                <path d=\"M0 120V0L99 60.4348L0 120Z\" fill=\"#D9D9D9\" fill-opacity=\"0.5\"\/>\n                            <\/svg>                                \n                            <img decoding=\"async\" src=\"https:\/\/bad-vibes.ch\/wp-content\/uploads\/2024\/09\/3-DE-1-aspect-ratio-3-5-1.jpg\" alt=\"\">\n                        <\/a>\n                    <\/div>\n                                    <div class=\"col-10 col-lg-4 py-3 py-lg-0 px-2\">\n                        <a href=\"https:\/\/www.instagram.com\/p\/DA6Mjg-Mfup\/\" target=\"_blank\">\n                            <svg class=\"playIcon\" width=\"99\" height=\"120\" viewBox=\"0 0 99 120\" fill=\"none\" xmlns=\"http:\/\/www.w3.org\/2000\/svg\">\n                                <path d=\"M0 120V0L99 60.4348L0 120Z\" fill=\"#D9D9D9\" fill-opacity=\"0.5\"\/>\n                            <\/svg>                                \n                            <img decoding=\"async\" src=\"https:\/\/bad-vibes.ch\/wp-content\/uploads\/2024\/09\/1-DE-1-aspect-ratio-3-5-1.jpg\" alt=\"\">\n                        <\/a>\n                    <\/div>\n                                    <div class=\"col-10 col-lg-4 py-3 py-lg-0 px-2\">\n                        <a href=\"https:\/\/www.instagram.com\/p\/DBMOLdysFwl\/\" target=\"_blank\">\n                            <svg class=\"playIcon\" width=\"99\" height=\"120\" viewBox=\"0 0 99 120\" fill=\"none\" xmlns=\"http:\/\/www.w3.org\/2000\/svg\">\n                                <path d=\"M0 120V0L99 60.4348L0 120Z\" fill=\"#D9D9D9\" fill-opacity=\"0.5\"\/>\n                            <\/svg>                                \n                            <img decoding=\"async\" src=\"https:\/\/bad-vibes.ch\/wp-content\/uploads\/2024\/09\/2-DE-1-aspect-ratio-3-5-2.jpg\" alt=\"\">\n                        <\/a>\n                    <\/div>\n                                <div class=\"col-10 col-lg-12 my-5 px-2\">\n\t\t\t\t\t\t\t\t\t\t<a class=\"socials-icon\" href=\"https:\/\/www.tiktok.com\/@badvibes_ch\" target=\"_blank\">\n\t\t\t\t\t\t<svg width=\"78\" height=\"78\" viewBox=\"0 0 78 78\" fill=\"none\" xmlns=\"http:\/\/www.w3.org\/2000\/svg\">\n\t\t\t\t\t\t\t<g clip-path=\"url(#clip0_13_128)\">\n\t\t\t\t\t\t\t\t<path d=\"M78 39C78 17.4609 60.5391 0 39 0C17.4609 0 0 17.4609 0 39C0 60.5391 17.4609 78 39 78C60.5391 78 78 60.5391 78 39Z\" fill=\"white\"\/>\n\t\t\t\t\t\t\t\t<path d=\"M40.0313 20.9443H46.0547C46.1197 21.2072 46.1695 21.4737 46.2056 21.7424C46.5862 26.0829 50.206 29.4225 54.5632 29.4528V35.1302C54.2815 35.2219 53.9854 35.2624 53.69 35.2508C52.2889 35.0963 50.9001 34.8442 49.5336 34.4976C48.3542 34.044 47.2073 33.5103 46.1002 32.9014V42.8255C46.1153 44.0699 46.0344 45.3128 45.8589 46.5449C45.3216 50.7259 42.6537 54.3291 38.8115 56.0624C37.7007 56.4704 36.5639 56.8027 35.4084 57.0562H33.3154C33.228 57.0143 33.137 56.9796 33.0446 56.9507C28.7047 56.3989 25.1326 53.2724 24.0096 49.0446C23.7568 48.1454 23.5654 47.2296 23.4376 46.3037V44.5415C23.6029 43.7131 23.7236 42.8847 23.9648 42.0715C25.3529 37.6298 29.2955 34.473 33.9336 34.0902C34.6111 33.9848 35.2892 33.9544 36.0114 33.8945V39.4816C36.0114 39.9186 35.7854 39.9785 35.4243 40.0839C34.2694 40.3483 33.137 40.7007 32.0363 41.1384C30.2987 41.7927 29.1597 43.4683 29.1901 45.3244C29.0593 47.4246 30.1983 49.3999 32.0811 50.3388C33.8043 51.4041 36.0006 51.321 37.6379 50.1279C38.8498 49.2598 39.6377 47.9193 39.8067 46.4388C39.9866 44.9402 40.0624 43.4307 40.0328 41.9213V21.8478C40.0783 21.5315 40.0479 21.2455 40.0328 20.9443H40.0313Z\" fill=\"#008A30\"\/>\n\t\t\t\t\t\t\t<\/g>\n\t\t\t\t\t\t\t<defs>\n\t\t\t\t\t\t\t\t<clipPath id=\"clip0_13_128\">\n\t\t\t\t\t\t\t\t\t<rect width=\"78\" height=\"78\" fill=\"white\"\/>\n\t\t\t\t\t\t\t\t<\/clipPath>\n\t\t\t\t\t\t\t<\/defs>\n\t\t\t\t\t\t<\/svg>\n\t\t\t\t\t<\/a>\n\t\t\t\t\t<a class=\"socials-icon\" href=\"https:\/\/www.instagram.com\/badvibes_ch\/\" target=\"_blank\">\n\t\t\t\t\t\t<svg width=\"79\" height=\"79\" viewBox=\"0 0 79 79\" fill=\"none\" xmlns=\"http:\/\/www.w3.org\/2000\/svg\">\n                            <g clip-path=\"url(#clip0_13_132)\">\n                            <path d=\"M79 39.5C79 17.6848 61.3152 0 39.5 0C17.6848 0 0 17.6848 0 39.5C0 61.3152 17.6848 79 39.5 79C61.3152 79 79 61.3152 79 39.5Z\" fill=\"white\"\/>\n                            \t<path d=\"M39.5 29.9878C34.3387 29.9878 30.0617 34.1909 30.0617 39.4261C30.0617 44.6613 34.2648 48.8644 39.5 48.8644C44.7352 48.8644 48.9383 44.5874 48.9383 39.4261C48.9383 34.2648 44.6613 29.9878 39.5 29.9878ZM39.5 45.4725C36.182 45.4725 33.4536 42.7441 33.4536 39.4261C33.4536 36.1081 36.182 33.3797 39.5 33.3797C42.818 33.3797 45.5464 36.1081 45.5464 39.4261C45.5464 42.7441 42.818 45.4725 39.5 45.4725Z\" fill=\"#008A30\"\/>\n                            \t<path d=\"M49.307 31.9051C50.4878 31.9051 51.4451 30.9479 51.4451 29.767C51.4451 28.5862 50.4878 27.6289 49.307 27.6289C48.1261 27.6289 47.1689 28.5862 47.1689 29.767C47.1689 30.9479 48.1261 31.9051 49.307 31.9051Z\" fill=\"#008A30\"\/>\n                            \t<path d=\"M54.8377 24.2361C52.9205 22.245 50.1921 21.2129 47.095 21.2129H31.905C25.4899 21.2129 21.213 25.4899 21.213 31.905V47.021C21.213 50.192 22.2451 52.9204 24.3101 54.9108C26.3012 56.828 28.9557 57.7862 31.9789 57.7862H47.0218C50.1928 57.7862 52.8473 56.7541 54.7646 54.9108C56.7556 52.9936 57.7878 50.2651 57.7878 47.0949V31.905C57.7878 28.8079 56.7556 26.1533 54.8384 24.2361H54.8377ZM54.5429 47.0949C54.5429 49.3808 53.7317 51.2241 52.4048 52.4779C51.0772 53.7316 49.2338 54.3951 47.0218 54.3951H31.9789C29.7669 54.3951 27.9236 53.7316 26.5959 52.4779C25.2683 51.1502 24.6048 49.3069 24.6048 47.021V31.905C24.6048 29.693 25.2683 27.8496 26.5959 26.522C27.8497 25.2682 29.7669 24.6048 31.9789 24.6048H47.1689C49.3809 24.6048 51.2242 25.2682 52.5518 26.5959C53.8056 27.9235 54.5429 29.7668 54.5429 31.905V47.0949Z\" fill=\"#008A30\"\/>\n                            <\/g>\n                            <defs>\n                            \t<clipPath id=\"clip0_13_132\">\n                            \t\t<rect width=\"79\" height=\"79\" fill=\"white\"\/>\n                            \t<\/clipPath>\n                            <\/defs>\n                        <\/svg>\n\t\t\t\t\t<\/a>\n\t\t\t\t<\/div>\n            <\/div>\n        <\/div>              \n    <\/div>\n","protected":false},"excerpt":{"rendered":"","protected":false},"author":1,"featured_media":0,"parent":0,"menu_order":0,"comment_status":"closed","ping_status":"closed","template":"","meta":{"_acf_changed":false,"footnotes":""},"class_list":["post-28975","page","type-page","status-publish","hentry"],"acf":[],"_links":{"self":[{"href":"https:\/\/bad-vibes.ch\/de\/wp-json\/wp\/v2\/pages\/28975","targetHints":{"allow":["GET"]}}],"collection":[{"href":"https:\/\/bad-vibes.ch\/de\/wp-json\/wp\/v2\/pages"}],"about":[{"href":"https:\/\/bad-vibes.ch\/de\/wp-json\/wp\/v2\/types\/page"}],"author":[{"embeddable":true,"href":"https:\/\/bad-vibes.ch\/de\/wp-json\/wp\/v2\/users\/1"}],"replies":[{"embeddable":true,"href":"https:\/\/bad-vibes.ch\/de\/wp-json\/wp\/v2\/comments?post=28975"}],"version-history":[{"count":28,"href":"https:\/\/bad-vibes.ch\/de\/wp-json\/wp\/v2\/pages\/28975\/revisions"}],"predecessor-version":[{"id":29152,"href":"https:\/\/bad-vibes.ch\/de\/wp-json\/wp\/v2\/pages\/28975\/revisions\/29152"}],"wp:attachment":[{"href":"https:\/\/bad-vibes.ch\/de\/wp-json\/wp\/v2\/media?parent=28975"}],"curies":[{"name":"wp","href":"https:\/\/api.w.org\/{rel}","templated":true}]}}